{"id":578,"date":"2020-05-17T14:23:47","date_gmt":"2020-05-17T12:23:47","guid":{"rendered":"https:\/\/kosmosmagazine.dk\/da-dk\/?page_id=578"},"modified":"2024-11-12T16:25:10","modified_gmt":"2024-11-12T15:25:10","slug":"organisation","status":"publish","type":"page","link":"https:\/\/www.martinus.dk\/da-dk\/organisation\/","title":{"rendered":"Organisation"},"content":{"rendered":"<p>[et_pb_section fb_built=&#8221;1&#8243; _builder_version=&#8221;4.16&#8243; da_disable_devices=&#8221;off|off|off&#8221; global_colors_info=&#8221;{}&#8221; da_is_popup=&#8221;off&#8221; da_exit_intent=&#8221;off&#8221; da_has_close=&#8221;on&#8221; da_alt_close=&#8221;off&#8221; da_dark_close=&#8221;off&#8221; da_not_modal=&#8221;on&#8221; da_is_singular=&#8221;off&#8221; da_with_loader=&#8221;off&#8221; da_has_shadow=&#8221;on&#8221;][et_pb_row column_structure=&#8221;1_2,1_2&#8243; _builder_version=&#8221;4.16&#8243; global_colors_info=&#8221;{}&#8221;][et_pb_column type=&#8221;1_2&#8243; _builder_version=&#8221;4.16&#8243; global_colors_info=&#8221;{}&#8221;][et_pb_image src=&#8221;\/billeder\/design2\/7-1-Organisation_hovedbillede_alt_L.jpg&#8221; alt=&#8221;Forhallen p\u00e5 Martinus Institut&#8221; title_text=&#8221;Forhallen p\u00e5 Martinus Institut&#8221; _builder_version=&#8221;4.16&#8243; _module_preset=&#8221;default&#8221; max_width=&#8221;647px&#8221; global_colors_info=&#8221;{}&#8221;][\/et_pb_image][\/et_pb_column][et_pb_column type=&#8221;1_2&#8243; _builder_version=&#8221;4.16&#8243; custom_padding=&#8221;|||125px|false|false&#8221; custom_padding_tablet=&#8221;50px|||0px|false|false&#8221; custom_padding_phone=&#8221;&#8221; custom_padding_last_edited=&#8221;on|tablet&#8221; global_colors_info=&#8221;{}&#8221;][et_pb_text _builder_version=&#8221;4.16&#8243; custom_padding=&#8221;||50px||false|false&#8221; global_colors_info=&#8221;{}&#8221;]<\/p>\n<h1>Organisation<\/h1>\n<p>[\/et_pb_text][et_pb_text _builder_version=&#8221;4.16&#8243; global_colors_info=&#8221;{}&#8221;]<\/p>\n<p>Martinus \u00c5ndsvidenskabelige Institut \u2013 i daglig tale Martinus Institut \u2013 er en erhvervsdrivende fond, som Martinus stiftede med det form\u00e5l at formidle hans \u00e5ndsvidenskabelige verdensbillede.<\/p>\n<p>Fonden har ophavsret til Martinus\u2019 v\u00e6rker og desuden til form\u00e5l at:<\/p>\n<ul>\n<li>bevare Martinus\u2019 samlede v\u00e6rker u\u00e6ndrede, som de foreligger fra hans side<\/li>\n<li>oplyse om v\u00e6rkerne og g\u00f8re dem tilg\u00e6ngelige for interesserede, bl.a. via publicering, overs\u00e6ttelse og undervisning<\/li>\n<li>yde tilskud til aktiviteter, der fremmer de n\u00e6vnte form\u00e5l<\/li>\n<\/ul>\n<p>L\u00e6s mere i <a href=\"\/generelt\/user_upload\/2017-12-10_vedtaegter_for_fonden_martinus_aandsvidenskabelige_institut_underskrift.pdf\" title=\"Vedt\u00e6gterne for Martinus \u00c5ndsvidenskabelige Institut\">vedt\u00e6gterne for Martinus \u00c5ndsvidenskabelige Institut<\/a>.<\/p>\n<p>[\/et_pb_text][\/et_pb_column][\/et_pb_row][\/et_pb_section][et_pb_section fb_built=&#8221;1&#8243; disabled_on=&#8221;on|on|on&#8221; admin_label=&#8221;MI skillelinje&#8221; _builder_version=&#8221;4.17.4&#8243; custom_margin=&#8221;||||false|false&#8221; custom_padding=&#8221;0px||0px||false|false&#8221; da_disable_devices=&#8221;off|off|off&#8221; disabled=&#8221;on&#8221; global_module=&#8221;1392&#8243; saved_tabs=&#8221;all&#8221; collapsed=&#8221;off&#8221; global_colors_info=&#8221;{}&#8221; da_is_popup=&#8221;off&#8221; da_exit_intent=&#8221;off&#8221; da_has_close=&#8221;on&#8221; da_alt_close=&#8221;off&#8221; da_dark_close=&#8221;off&#8221; da_not_modal=&#8221;on&#8221; da_is_singular=&#8221;off&#8221; da_with_loader=&#8221;off&#8221; da_has_shadow=&#8221;on&#8221;][et_pb_row _builder_version=&#8221;4.16&#8243; min_height=&#8221;36px&#8221; custom_margin=&#8221;63px||||false|false&#8221; custom_padding=&#8221;||0px|||&#8221; locked=&#8221;off&#8221; global_colors_info=&#8221;{}&#8221;][et_pb_column type=&#8221;4_4&#8243; _builder_version=&#8221;4.16&#8243; global_colors_info=&#8221;{}&#8221;][et_pb_divider _builder_version=&#8221;4.16&#8243; min_height=&#8221;13px&#8221; global_colors_info=&#8221;{}&#8221;][\/et_pb_divider][\/et_pb_column][\/et_pb_row][\/et_pb_section][et_pb_section fb_built=&#8221;1&#8243; _builder_version=&#8221;4.16&#8243; _module_preset=&#8221;default&#8221; custom_padding=&#8221;0px||||false|false&#8221; da_disable_devices=&#8221;off|off|off&#8221; global_colors_info=&#8221;{}&#8221; da_is_popup=&#8221;off&#8221; da_exit_intent=&#8221;off&#8221; da_has_close=&#8221;on&#8221; da_alt_close=&#8221;off&#8221; da_dark_close=&#8221;off&#8221; da_not_modal=&#8221;on&#8221; da_is_singular=&#8221;off&#8221; da_with_loader=&#8221;off&#8221; da_has_shadow=&#8221;on&#8221;][et_pb_row column_structure=&#8221;1_2,1_2&#8243; _builder_version=&#8221;4.16&#8243; global_colors_info=&#8221;{}&#8221;][et_pb_column type=&#8221;1_2&#8243; _builder_version=&#8221;4.16&#8243; custom_padding=&#8221;||||false|false&#8221; global_colors_info=&#8221;{}&#8221;][et_pb_text _builder_version=&#8221;4.16&#8243; custom_padding=&#8221;||50px||false|false&#8221; global_colors_info=&#8221;{}&#8221;]<\/p>\n<h2>Ledelse og administration<\/h2>\n<p>[\/et_pb_text][et_pb_text _builder_version=&#8221;4.22.2&#8243; custom_margin=&#8221;|40px|||false|false&#8221; custom_margin_tablet=&#8221;|0px|||false|false&#8221; custom_margin_phone=&#8221;&#8221; custom_margin_last_edited=&#8221;on|tablet&#8221; global_colors_info=&#8221;{}&#8221;]<\/p>\n<p>Martinus Instituts \u00f8verste ledelse er en bestyrelse, der efter Martinus\u2019 \u00f8nske kaldes \u201dr\u00e5det\u201d. R\u00e5det best\u00e5r af fem medlemmer og to suppleanter.<\/p>\n<p><a href=\"\/da-dk\/organisation\/raadet\/\">Se, hvem der aktuelt er medlem af r\u00e5det<\/a>.<\/p>\n<p>Den daglige ledelse af fondens aktiviteter varetages af Pernilla Rosell og Jens Christian Hermansen.<\/p>\n<p>Instituttet har adresse p\u00e5 Mariendalsvej p\u00e5 Frederiksberg, hvor bl.a. administration og forlag har til huse. Instituttet st\u00e5r ogs\u00e5 for driften af kursuscentret Martinus Center Klint i Odsherred samt Martinus\u2019 barndomshjem i Nordjylland.<\/p>\n<p>[\/et_pb_text][\/et_pb_column][et_pb_column type=&#8221;1_2&#8243; _builder_version=&#8221;4.16&#8243; custom_padding=&#8221;||||false|false&#8221; global_colors_info=&#8221;{}&#8221;][et_pb_text _builder_version=&#8221;4.16&#8243; custom_margin=&#8221;|||40px|false|false&#8221; custom_margin_tablet=&#8221;75px|||0px|false|false&#8221; custom_margin_phone=&#8221;&#8221; custom_margin_last_edited=&#8221;on|tablet&#8221; custom_padding=&#8221;||50px||false|false&#8221; global_colors_info=&#8221;{}&#8221;]<\/p>\n<h2>Medarbejdere og \u00f8konomi<\/h2>\n<p>[\/et_pb_text][et_pb_text _builder_version=&#8221;4.27.3&#8243; custom_margin=&#8221;|||40px|false|false&#8221; custom_margin_tablet=&#8221;|||0px|false|false&#8221; custom_margin_phone=&#8221;&#8221; custom_margin_last_edited=&#8221;on|tablet&#8221; hover_enabled=&#8221;0&#8243; global_colors_info=&#8221;{}&#8221; sticky_enabled=&#8221;0&#8243;]<\/p>\n<p>Martinus Institut er en idealistisk organisation og arbejdsplads, hvor nogle f\u00e5 <a href=\"\/da-dk\/ansatte\/\">ansatte medarbejdere<\/a> og et stort antal frivillige udf\u00f8rer arbejdet i f\u00e6llesskab. I bogen <a href=\"https:\/\/www.martinus.dk\/da-dk\/wp-content\/uploads\/sites\/2\/2024\/11\/Samarbejdsstrukturen-2003-raadets-introduktion-fra-2024.pdf\">Samarbejdsstrukturen<\/a> kan du l\u00e6se n\u00e6rmere om rammerne for de aktiviteter, der finder sted.<\/p>\n<p>L\u00e6s mere om, hvordan du kan deltage i <a href=\"\/da-dk\/bliv-frivillig\/\">det frivillige arbejde<\/a>.<\/p>\n<p>Fondens \u00f8konomi er baseret p\u00e5 bogsalg og kursusvirksomhed, og en anden v\u00e6sentlig indt\u00e6gtskilde er gaver og arv. <span>I 2015 blev fonden godkendt efter Ligningslovens \u00a7 8 A og kan hermed betegnes som velg\u00f8rende<\/span><span>. <\/span><a href=\"\/da-dk\/hvad-gar-pengene-til\/\">Alle \u00e5rsrapporter<\/a> er offentligt tilg\u00e6ngelige.<\/p>\n<p>[\/et_pb_text][\/et_pb_column][\/et_pb_row][\/et_pb_section]<\/p>\n","protected":false},"excerpt":{"rendered":"<p>OrganisationMartinus \u00c5ndsvidenskabelige Institut \u2013 i daglig tale Martinus Institut \u2013 er en erhvervsdrivende fond, som Martinus stiftede med det form\u00e5l at formidle hans \u00e5ndsvidenskabelige verdensbillede. Fonden har ophavsret til Martinus\u2019 v\u00e6rker og desuden til form\u00e5l at: bevare Martinus\u2019 samlede v\u00e6rker u\u00e6ndrede, som de foreligger fra hans side oplyse om v\u00e6rkerne og g\u00f8re dem tilg\u00e6ngelige for [&hellip;]<\/p>\n","protected":false},"author":1,"featured_media":0,"parent":0,"menu_order":0,"comment_status":"closed","ping_status":"closed","template":"","meta":{"_et_pb_use_builder":"on","_et_pb_old_content":"","_et_gb_content_width":"","footnotes":""},"class_list":["post-578","page","type-page","status-publish","hentry"],"yoast_head":"<!-- This site is optimized with the Yoast SEO Premium plugin v27.5 (Yoast SEO v27.6) - https:\/\/yoast.com\/product\/yoast-seo-premium-wordpress\/ -->\n<title>Organisation - Martinus Institut<\/title>\n<meta name=\"robots\" content=\"index, follow, max-snippet:-1, max-image-preview:large, max-video-preview:-1\" \/>\n<link rel=\"canonical\" href=\"https:\/\/www.martinus.dk\/da-dk\/organisation\/\" \/>\n<meta property=\"og:locale\" content=\"da_DK\" \/>\n<meta property=\"og:type\" content=\"article\" \/>\n<meta property=\"og:title\" content=\"Organisation\" \/>\n<meta property=\"og:description\" content=\"OrganisationMartinus \u00c5ndsvidenskabelige Institut \u2013 i daglig tale Martinus Institut \u2013 er en erhvervsdrivende fond, som Martinus stiftede med det form\u00e5l at formidle hans \u00e5ndsvidenskabelige verdensbillede. Fonden har ophavsret til Martinus\u2019 v\u00e6rker og desuden til form\u00e5l at: bevare Martinus\u2019 samlede v\u00e6rker u\u00e6ndrede, som de foreligger fra hans side oplyse om v\u00e6rkerne og g\u00f8re dem tilg\u00e6ngelige for [&hellip;]\" \/>\n<meta property=\"og:url\" content=\"https:\/\/www.martinus.dk\/da-dk\/organisation\/\" \/>\n<meta property=\"og:site_name\" content=\"Martinus Institut\" \/>\n<meta property=\"article:publisher\" content=\"https:\/\/www.facebook.com\/MartinusInstitut\" \/>\n<meta property=\"article:modified_time\" content=\"2024-11-12T15:25:10+00:00\" \/>\n<meta property=\"og:image\" content=\"https:\/\/www.martinus.dk\/da-dk\/wp-content\/uploads\/sites\/2\/2021\/01\/Stjernesymbol-361.png\" \/>\n\t<meta property=\"og:image:width\" content=\"361\" \/>\n\t<meta property=\"og:image:height\" content=\"361\" \/>\n\t<meta property=\"og:image:type\" content=\"image\/png\" \/>\n<meta name=\"twitter:card\" content=\"summary_large_image\" \/>\n<meta name=\"twitter:label1\" content=\"Estimeret l\u00e6setid\" \/>\n\t<meta name=\"twitter:data1\" content=\"4 minutter\" \/>\n<script type=\"application\/ld+json\" class=\"yoast-schema-graph\">{\"@context\":\"https:\\\/\\\/schema.org\",\"@graph\":[{\"@type\":\"WebPage\",\"@id\":\"https:\\\/\\\/www.martinus.dk\\\/da-dk\\\/organisation\\\/\",\"url\":\"https:\\\/\\\/www.martinus.dk\\\/da-dk\\\/organisation\\\/\",\"name\":\"Organisation - Martinus Institut\",\"isPartOf\":{\"@id\":\"https:\\\/\\\/www.martinus.dk\\\/da-dk\\\/#website\"},\"datePublished\":\"2020-05-17T12:23:47+00:00\",\"dateModified\":\"2024-11-12T15:25:10+00:00\",\"breadcrumb\":{\"@id\":\"https:\\\/\\\/www.martinus.dk\\\/da-dk\\\/organisation\\\/#breadcrumb\"},\"inLanguage\":\"da-DK\",\"potentialAction\":[{\"@type\":\"ReadAction\",\"target\":[\"https:\\\/\\\/www.martinus.dk\\\/da-dk\\\/organisation\\\/\"]}]},{\"@type\":\"BreadcrumbList\",\"@id\":\"https:\\\/\\\/www.martinus.dk\\\/da-dk\\\/organisation\\\/#breadcrumb\",\"itemListElement\":[{\"@type\":\"ListItem\",\"position\":1,\"name\":\"Hjem\",\"item\":\"https:\\\/\\\/www.martinus.dk\\\/da-dk\\\/\"},{\"@type\":\"ListItem\",\"position\":2,\"name\":\"Organisation\"}]},{\"@type\":\"WebSite\",\"@id\":\"https:\\\/\\\/www.martinus.dk\\\/da-dk\\\/#website\",\"url\":\"https:\\\/\\\/www.martinus.dk\\\/da-dk\\\/\",\"name\":\"Martinus Institut\",\"description\":\"Martinus Institut - undervisning og udgivelse af Martinus v\u00e6rk\",\"publisher\":{\"@id\":\"https:\\\/\\\/www.martinus.dk\\\/da-dk\\\/#organization\"},\"potentialAction\":[{\"@type\":\"SearchAction\",\"target\":{\"@type\":\"EntryPoint\",\"urlTemplate\":\"https:\\\/\\\/www.martinus.dk\\\/da-dk\\\/?s={search_term_string}\"},\"query-input\":{\"@type\":\"PropertyValueSpecification\",\"valueRequired\":true,\"valueName\":\"search_term_string\"}}],\"inLanguage\":\"da-DK\"},{\"@type\":\"Organization\",\"@id\":\"https:\\\/\\\/www.martinus.dk\\\/da-dk\\\/#organization\",\"name\":\"Martinus Institut\",\"url\":\"https:\\\/\\\/www.martinus.dk\\\/da-dk\\\/\",\"logo\":{\"@type\":\"ImageObject\",\"inLanguage\":\"da-DK\",\"@id\":\"https:\\\/\\\/www.martinus.dk\\\/da-dk\\\/#\\\/schema\\\/logo\\\/image\\\/\",\"url\":\"https:\\\/\\\/www.martinus.dk\\\/da-dk\\\/wp-content\\\/uploads\\\/sites\\\/2\\\/2021\\\/01\\\/Stjernesymbol-361.png\",\"contentUrl\":\"https:\\\/\\\/www.martinus.dk\\\/da-dk\\\/wp-content\\\/uploads\\\/sites\\\/2\\\/2021\\\/01\\\/Stjernesymbol-361.png\",\"width\":361,\"height\":361,\"caption\":\"Martinus Institut\"},\"image\":{\"@id\":\"https:\\\/\\\/www.martinus.dk\\\/da-dk\\\/#\\\/schema\\\/logo\\\/image\\\/\"},\"sameAs\":[\"https:\\\/\\\/www.facebook.com\\\/MartinusInstitut\"]}]}<\/script>\n<!-- \/ Yoast SEO Premium plugin. -->","yoast_head_json":{"title":"Organisation - Martinus Institut","robots":{"index":"index","follow":"follow","max-snippet":"max-snippet:-1","max-image-preview":"max-image-preview:large","max-video-preview":"max-video-preview:-1"},"canonical":"https:\/\/www.martinus.dk\/da-dk\/organisation\/","og_locale":"da_DK","og_type":"article","og_title":"Organisation","og_description":"OrganisationMartinus \u00c5ndsvidenskabelige Institut \u2013 i daglig tale Martinus Institut \u2013 er en erhvervsdrivende fond, som Martinus stiftede med det form\u00e5l at formidle hans \u00e5ndsvidenskabelige verdensbillede. Fonden har ophavsret til Martinus\u2019 v\u00e6rker og desuden til form\u00e5l at: bevare Martinus\u2019 samlede v\u00e6rker u\u00e6ndrede, som de foreligger fra hans side oplyse om v\u00e6rkerne og g\u00f8re dem tilg\u00e6ngelige for [&hellip;]","og_url":"https:\/\/www.martinus.dk\/da-dk\/organisation\/","og_site_name":"Martinus Institut","article_publisher":"https:\/\/www.facebook.com\/MartinusInstitut","article_modified_time":"2024-11-12T15:25:10+00:00","og_image":[{"width":361,"height":361,"url":"https:\/\/www.martinus.dk\/da-dk\/wp-content\/uploads\/sites\/2\/2021\/01\/Stjernesymbol-361.png","type":"image\/png"}],"twitter_card":"summary_large_image","twitter_misc":{"Estimeret l\u00e6setid":"4 minutter"},"schema":{"@context":"https:\/\/schema.org","@graph":[{"@type":"WebPage","@id":"https:\/\/www.martinus.dk\/da-dk\/organisation\/","url":"https:\/\/www.martinus.dk\/da-dk\/organisation\/","name":"Organisation - Martinus Institut","isPartOf":{"@id":"https:\/\/www.martinus.dk\/da-dk\/#website"},"datePublished":"2020-05-17T12:23:47+00:00","dateModified":"2024-11-12T15:25:10+00:00","breadcrumb":{"@id":"https:\/\/www.martinus.dk\/da-dk\/organisation\/#breadcrumb"},"inLanguage":"da-DK","potentialAction":[{"@type":"ReadAction","target":["https:\/\/www.martinus.dk\/da-dk\/organisation\/"]}]},{"@type":"BreadcrumbList","@id":"https:\/\/www.martinus.dk\/da-dk\/organisation\/#breadcrumb","itemListElement":[{"@type":"ListItem","position":1,"name":"Hjem","item":"https:\/\/www.martinus.dk\/da-dk\/"},{"@type":"ListItem","position":2,"name":"Organisation"}]},{"@type":"WebSite","@id":"https:\/\/www.martinus.dk\/da-dk\/#website","url":"https:\/\/www.martinus.dk\/da-dk\/","name":"Martinus Institut","description":"Martinus Institut - undervisning og udgivelse af Martinus v\u00e6rk","publisher":{"@id":"https:\/\/www.martinus.dk\/da-dk\/#organization"},"potentialAction":[{"@type":"SearchAction","target":{"@type":"EntryPoint","urlTemplate":"https:\/\/www.martinus.dk\/da-dk\/?s={search_term_string}"},"query-input":{"@type":"PropertyValueSpecification","valueRequired":true,"valueName":"search_term_string"}}],"inLanguage":"da-DK"},{"@type":"Organization","@id":"https:\/\/www.martinus.dk\/da-dk\/#organization","name":"Martinus Institut","url":"https:\/\/www.martinus.dk\/da-dk\/","logo":{"@type":"ImageObject","inLanguage":"da-DK","@id":"https:\/\/www.martinus.dk\/da-dk\/#\/schema\/logo\/image\/","url":"https:\/\/www.martinus.dk\/da-dk\/wp-content\/uploads\/sites\/2\/2021\/01\/Stjernesymbol-361.png","contentUrl":"https:\/\/www.martinus.dk\/da-dk\/wp-content\/uploads\/sites\/2\/2021\/01\/Stjernesymbol-361.png","width":361,"height":361,"caption":"Martinus Institut"},"image":{"@id":"https:\/\/www.martinus.dk\/da-dk\/#\/schema\/logo\/image\/"},"sameAs":["https:\/\/www.facebook.com\/MartinusInstitut"]}]}},"_links":{"self":[{"href":"https:\/\/www.martinus.dk\/da-dk\/wp-json\/wp\/v2\/pages\/578","targetHints":{"allow":["GET"]}}],"collection":[{"href":"https:\/\/www.martinus.dk\/da-dk\/wp-json\/wp\/v2\/pages"}],"about":[{"href":"https:\/\/www.martinus.dk\/da-dk\/wp-json\/wp\/v2\/types\/page"}],"author":[{"embeddable":true,"href":"https:\/\/www.martinus.dk\/da-dk\/wp-json\/wp\/v2\/users\/1"}],"replies":[{"embeddable":true,"href":"https:\/\/www.martinus.dk\/da-dk\/wp-json\/wp\/v2\/comments?post=578"}],"version-history":[{"count":19,"href":"https:\/\/www.martinus.dk\/da-dk\/wp-json\/wp\/v2\/pages\/578\/revisions"}],"predecessor-version":[{"id":13050,"href":"https:\/\/www.martinus.dk\/da-dk\/wp-json\/wp\/v2\/pages\/578\/revisions\/13050"}],"wp:attachment":[{"href":"https:\/\/www.martinus.dk\/da-dk\/wp-json\/wp\/v2\/media?parent=578"}],"curies":[{"name":"wp","href":"https:\/\/api.w.org\/{rel}","templated":true}]}}